{"id":2005,"date":"2025-07-02T11:35:06","date_gmt":"2025-07-02T09:35:06","guid":{"rendered":"https:\/\/lernstifter.de\/?page_id=2005"},"modified":"2025-07-02T11:59:52","modified_gmt":"2025-07-02T09:59:52","slug":"lernkonzept","status":"publish","type":"page","link":"https:\/\/lernstifter.de\/en\/lernkonzept\/","title":{"rendered":"Learning concept"},"content":{"rendered":"<div data-elementor-type=\"wp-page\" data-elementor-id=\"2005\" class=\"elementor elementor-2005\" data-elementor-post-type=\"page\">\n\t\t\t\t<div class=\"elementor-element elementor-element-1c34cbe e-flex e-con-boxed e-con e-parent\" data-id=\"1c34cbe\" data-element_type=\"container\" data-e-type=\"container\" data-settings=\"{&quot;background_background&quot;:&quot;classic&quot;}\">\n\t\t\t\t\t<div class=\"e-con-inner\">\n\t\t\t\t<div class=\"elementor-element elementor-element-10b71d1 elementor-widget__width-inherit elementor-invisible elementor-widget elementor-widget-heading\" data-id=\"10b71d1\" data-element_type=\"widget\" data-e-type=\"widget\" data-settings=\"{&quot;_animation&quot;:&quot;fadeInUp&quot;}\" data-widget_type=\"heading.default\">\n\t\t\t\t<div class=\"elementor-widget-container\">\n\t\t\t\t\t<h2 class=\"elementor-heading-title elementor-size-default\">Our learning concept<\/h2>\t\t\t\t<\/div>\n\t\t\t\t<\/div>\n\t\t\t\t\t<\/div>\n\t\t\t\t<\/div>\n\t\t<div class=\"elementor-element elementor-element-398a86de e-flex e-con-boxed e-con e-parent\" data-id=\"398a86de\" data-element_type=\"container\" data-e-type=\"container\">\n\t\t\t\t\t<div class=\"e-con-inner\">\n\t\t\t\t<div class=\"elementor-element elementor-element-54b637cf elementor-widget__width-inherit elementor-invisible elementor-widget elementor-widget-text-editor\" data-id=\"54b637cf\" data-element_type=\"widget\" data-e-type=\"widget\" data-settings=\"{&quot;_animation&quot;:&quot;fadeInUp&quot;}\" data-widget_type=\"text-editor.default\">\n\t\t\t\t<div class=\"elementor-widget-container\">\n\t\t\t\t\t\t\t\t\t<p>Professional tutoring institute in Hanover<\/p>\t\t\t\t\t\t\t\t<\/div>\n\t\t\t\t<\/div>\n\t\t\t\t<div class=\"elementor-element elementor-element-601f9555 elementor-widget__width-inherit elementor-invisible elementor-widget elementor-widget-heading\" data-id=\"601f9555\" data-element_type=\"widget\" data-e-type=\"widget\" data-settings=\"{&quot;_animation&quot;:&quot;fadeInUp&quot;,&quot;_animation_delay&quot;:200}\" data-widget_type=\"heading.default\">\n\t\t\t\t<div class=\"elementor-widget-container\">\n\t\t\t\t\t<h2 class=\"elementor-heading-title elementor-size-default\">We work according to proven methods<\/h2>\t\t\t\t<\/div>\n\t\t\t\t<\/div>\n\t\t\t\t\t<\/div>\n\t\t\t\t<\/div>\n\t\t<div class=\"elementor-element elementor-element-8333a11 e-con-full e-flex e-con e-parent\" data-id=\"8333a11\" data-element_type=\"container\" data-e-type=\"container\" data-settings=\"{&quot;background_background&quot;:&quot;classic&quot;}\">\n\t\t\t\t<div class=\"elementor-element elementor-element-49f1551 elementor-widget elementor-widget-image\" data-id=\"49f1551\" data-element_type=\"widget\" data-e-type=\"widget\" data-widget_type=\"image.default\">\n\t\t\t\t<div class=\"elementor-widget-container\">\n\t\t\t\t\t\t\t\t\t\t\t\t\t\t\t<img fetchpriority=\"high\" decoding=\"async\" width=\"2560\" height=\"1230\" src=\"https:\/\/lernstifter.de\/wp-content\/uploads\/2025\/07\/Pyramid-Infographic-Community-scaled.png\" class=\"attachment-full size-full wp-image-2009\" alt=\"\" srcset=\"https:\/\/lernstifter.de\/wp-content\/uploads\/2025\/07\/Pyramid-Infographic-Community-scaled.png 2560w, https:\/\/lernstifter.de\/wp-content\/uploads\/2025\/07\/Pyramid-Infographic-Community-1536x738.png 1536w, https:\/\/lernstifter.de\/wp-content\/uploads\/2025\/07\/Pyramid-Infographic-Community-2048x984.png 2048w, https:\/\/lernstifter.de\/wp-content\/uploads\/2025\/07\/Pyramid-Infographic-Community-18x9.png 18w\" sizes=\"(max-width: 2560px) 100vw, 2560px\" \/>\t\t\t\t\t\t\t\t\t\t\t\t\t\t\t<\/div>\n\t\t\t\t<\/div>\n\t\t\t\t<\/div>\n\t\t<div class=\"elementor-element elementor-element-739a1685 e-flex e-con-boxed e-con e-parent\" data-id=\"739a1685\" data-element_type=\"container\" data-e-type=\"container\" data-settings=\"{&quot;background_background&quot;:&quot;classic&quot;}\">\n\t\t\t\t\t<div class=\"e-con-inner\">\n\t\t\t\t<div class=\"elementor-element elementor-element-604e0935 elementor-widget__width-inherit elementor-invisible elementor-widget elementor-widget-text-editor\" data-id=\"604e0935\" data-element_type=\"widget\" data-e-type=\"widget\" data-settings=\"{&quot;_animation&quot;:&quot;fadeInUp&quot;}\" data-widget_type=\"text-editor.default\">\n\t\t\t\t<div class=\"elementor-widget-container\">\n\t\t\t\t\t\t\t\t\t<p class=\"p1\"><b>Bloom's taxonomy<\/b><\/p>\t\t\t\t\t\t\t\t<\/div>\n\t\t\t\t<\/div>\n\t\t\t\t<div class=\"elementor-element elementor-element-535f25ba elementor-widget__width-inherit elementor-invisible elementor-widget elementor-widget-text-editor\" data-id=\"535f25ba\" data-element_type=\"widget\" data-e-type=\"widget\" data-settings=\"{&quot;_animation&quot;:&quot;fadeInUp&quot;,&quot;_animation_delay&quot;:400}\" data-widget_type=\"text-editor.default\">\n\t\t\t\t<div class=\"elementor-widget-container\">\n\t\t\t\t\t\t\t\t\t<p class=\"p1\">With <span class=\"s1\"><b>Lernstifter tutoring Hanover<\/b><\/span> we rely on a structured, scientifically based learning concept that goes far beyond pure memorization. The basis of our methodology is the <span class=\"s1\"><b>Revised Bloom's taxonomy<\/b><\/span>a proven model for developing cognitive skills.<\/p><p class=\"p1\">Our aim is to gradually move pupils from the <span class=\"s1\"><b>Information intake<\/b><\/span> towards the <span class=\"s1\"><b>independent problem solving<\/b><\/span> and <span class=\"s1\"><b>Creativity<\/b><\/span> to lead. After all, sustainable learning success is not achieved by simply repeating facts, but by understanding, applying and thinking independently.<\/p>\t\t\t\t\t\t\t\t<\/div>\n\t\t\t\t<\/div>\n\t\t<div class=\"elementor-element elementor-element-683a9260 e-grid e-con-full elementor-invisible e-con e-child\" data-id=\"683a9260\" data-element_type=\"container\" data-e-type=\"container\" data-settings=\"{&quot;animation&quot;:&quot;fadeInUp&quot;,&quot;animation_delay&quot;:600}\">\n\t\t\t\t<div class=\"elementor-element elementor-element-3561976 elementor-view-default elementor-position-block-start elementor-mobile-position-block-start elementor-widget elementor-widget-icon-box\" data-id=\"3561976\" data-element_type=\"widget\" data-e-type=\"widget\" data-widget_type=\"icon-box.default\">\n\t\t\t\t<div class=\"elementor-widget-container\">\n\t\t\t\t\t\t\t<div class=\"elementor-icon-box-wrapper\">\n\n\t\t\t\t\t\t<div class=\"elementor-icon-box-icon\">\n\t\t\t\t<span  class=\"elementor-icon\">\n\t\t\t\t<i aria-hidden=\"true\" class=\"icon icon-light-bulb-1\"><\/i>\t\t\t\t<\/span>\n\t\t\t<\/div>\n\t\t\t\n\t\t\t\t\t\t<div class=\"elementor-icon-box-content\">\n\n\t\t\t\t\t\t\t\t\t<h3 class=\"elementor-icon-box-title\">\n\t\t\t\t\t\t<span  >\n\t\t\t\t\t\t\t1. remember - retrieve knowledge\t\t\t\t\t\t<\/span>\n\t\t\t\t\t<\/h3>\n\t\t\t\t\n\t\t\t\t\t\t\t\t\t<p class=\"elementor-icon-box-description\">\n\t\t\t\t\t\tStudents learn to remember basic facts, definitions, formulas or vocabulary with confidence.\t\t\t\t\t<\/p>\n\t\t\t\t\n\t\t\t<\/div>\n\t\t\t\n\t\t<\/div>\n\t\t\t\t\t\t<\/div>\n\t\t\t\t<\/div>\n\t\t\t\t<div class=\"elementor-element elementor-element-64736eb5 elementor-view-default elementor-position-block-start elementor-mobile-position-block-start elementor-widget elementor-widget-icon-box\" data-id=\"64736eb5\" data-element_type=\"widget\" data-e-type=\"widget\" data-widget_type=\"icon-box.default\">\n\t\t\t\t<div class=\"elementor-widget-container\">\n\t\t\t\t\t\t\t<div class=\"elementor-icon-box-wrapper\">\n\n\t\t\t\t\t\t<div class=\"elementor-icon-box-icon\">\n\t\t\t\t<span  class=\"elementor-icon\">\n\t\t\t\t<i aria-hidden=\"true\" class=\"icon icon-bubble\"><\/i>\t\t\t\t<\/span>\n\t\t\t<\/div>\n\t\t\t\n\t\t\t\t\t\t<div class=\"elementor-icon-box-content\">\n\n\t\t\t\t\t\t\t\t\t<h3 class=\"elementor-icon-box-title\">\n\t\t\t\t\t\t<span  >\n\t\t\t\t\t\t\t2. understanding - grasping content\t\t\t\t\t\t<\/span>\n\t\t\t\t\t<\/h3>\n\t\t\t\t\n\t\t\t\t\t\t\t\t\t<p class=\"elementor-icon-box-description\">\n\t\t\t\t\t\tHere we help learners to explain content in their own words and to recognize and interpret connections.\t\t\t\t\t<\/p>\n\t\t\t\t\n\t\t\t<\/div>\n\t\t\t\n\t\t<\/div>\n\t\t\t\t\t\t<\/div>\n\t\t\t\t<\/div>\n\t\t\t\t<div class=\"elementor-element elementor-element-4521e3ce elementor-view-default elementor-position-block-start elementor-mobile-position-block-start elementor-widget elementor-widget-icon-box\" data-id=\"4521e3ce\" data-element_type=\"widget\" data-e-type=\"widget\" data-widget_type=\"icon-box.default\">\n\t\t\t\t<div class=\"elementor-widget-container\">\n\t\t\t\t\t\t\t<div class=\"elementor-icon-box-wrapper\">\n\n\t\t\t\t\t\t<div class=\"elementor-icon-box-icon\">\n\t\t\t\t<span  class=\"elementor-icon\">\n\t\t\t\t<i aria-hidden=\"true\" class=\"icon icon-pencil1\"><\/i>\t\t\t\t<\/span>\n\t\t\t<\/div>\n\t\t\t\n\t\t\t\t\t\t<div class=\"elementor-icon-box-content\">\n\n\t\t\t\t\t\t\t\t\t<h3 class=\"elementor-icon-box-title\">\n\t\t\t\t\t\t<span  >\n\t\t\t\t\t\t\t3. apply - use knowledge\t\t\t\t\t\t<\/span>\n\t\t\t\t\t<\/h3>\n\t\t\t\t\n\t\t\t\t\t\t\t\t\t<p class=\"elementor-icon-box-description\">\n\t\t\t\t\t\tPupils apply what they have learned to new tasks - e.g. arithmetic rules in text tasks or grammatical structures in their own sentences.\t\t\t\t\t<\/p>\n\t\t\t\t\n\t\t\t<\/div>\n\t\t\t\n\t\t<\/div>\n\t\t\t\t\t\t<\/div>\n\t\t\t\t<\/div>\n\t\t\t\t<div class=\"elementor-element elementor-element-69e704a6 elementor-view-default elementor-position-block-start elementor-mobile-position-block-start elementor-widget elementor-widget-icon-box\" data-id=\"69e704a6\" data-element_type=\"widget\" data-e-type=\"widget\" data-widget_type=\"icon-box.default\">\n\t\t\t\t<div class=\"elementor-widget-container\">\n\t\t\t\t\t\t\t<div class=\"elementor-icon-box-wrapper\">\n\n\t\t\t\t\t\t<div class=\"elementor-icon-box-icon\">\n\t\t\t\t<span  class=\"elementor-icon\">\n\t\t\t\t<i aria-hidden=\"true\" class=\"icon icon-magnifier\"><\/i>\t\t\t\t<\/span>\n\t\t\t<\/div>\n\t\t\t\n\t\t\t\t\t\t<div class=\"elementor-icon-box-content\">\n\n\t\t\t\t\t\t\t\t\t<h3 class=\"elementor-icon-box-title\">\n\t\t\t\t\t\t<span  >\n\t\t\t\t\t\t\t4. analyze - recognize structures\t\t\t\t\t\t<\/span>\n\t\t\t\t\t<\/h3>\n\t\t\t\t\n\t\t\t\t\t\t\t\t\t<p class=\"elementor-icon-box-description\">\n\t\t\t\t\t\tAnalytical thinking: Students learn to organize information, identify errors or compare arguments.\t\t\t\t\t<\/p>\n\t\t\t\t\n\t\t\t<\/div>\n\t\t\t\n\t\t<\/div>\n\t\t\t\t\t\t<\/div>\n\t\t\t\t<\/div>\n\t\t\t\t<div class=\"elementor-element elementor-element-185683eb elementor-view-default elementor-position-block-start elementor-mobile-position-block-start elementor-widget elementor-widget-icon-box\" data-id=\"185683eb\" data-element_type=\"widget\" data-e-type=\"widget\" data-widget_type=\"icon-box.default\">\n\t\t\t\t<div class=\"elementor-widget-container\">\n\t\t\t\t\t\t\t<div class=\"elementor-icon-box-wrapper\">\n\n\t\t\t\t\t\t<div class=\"elementor-icon-box-icon\">\n\t\t\t\t<span  class=\"elementor-icon\">\n\t\t\t\t<i aria-hidden=\"true\" class=\"icon icon-hammer\"><\/i>\t\t\t\t<\/span>\n\t\t\t<\/div>\n\t\t\t\n\t\t\t\t\t\t<div class=\"elementor-icon-box-content\">\n\n\t\t\t\t\t\t\t\t\t<h3 class=\"elementor-icon-box-title\">\n\t\t\t\t\t\t<span  >\n\t\t\t\t\t\t\t5. evaluating - judging and assessing\t\t\t\t\t\t<\/span>\n\t\t\t\t\t<\/h3>\n\t\t\t\t\n\t\t\t\t\t\t\t\t\t<p class=\"elementor-icon-box-description\">\n\t\t\t\t\t\tHere, learners develop the ability to critically scrutinize results, justify opinions and make decisions.\t\t\t\t\t<\/p>\n\t\t\t\t\n\t\t\t<\/div>\n\t\t\t\n\t\t<\/div>\n\t\t\t\t\t\t<\/div>\n\t\t\t\t<\/div>\n\t\t\t\t<div class=\"elementor-element elementor-element-59b1a735 elementor-view-default elementor-position-block-start elementor-mobile-position-block-start elementor-widget elementor-widget-icon-box\" data-id=\"59b1a735\" data-element_type=\"widget\" data-e-type=\"widget\" data-widget_type=\"icon-box.default\">\n\t\t\t\t<div class=\"elementor-widget-container\">\n\t\t\t\t\t\t\t<div class=\"elementor-icon-box-wrapper\">\n\n\t\t\t\t\t\t<div class=\"elementor-icon-box-icon\">\n\t\t\t\t<span  class=\"elementor-icon\">\n\t\t\t\t<i aria-hidden=\"true\" class=\"fas fa-palette\"><\/i>\t\t\t\t<\/span>\n\t\t\t<\/div>\n\t\t\t\n\t\t\t\t\t\t<div class=\"elementor-icon-box-content\">\n\n\t\t\t\t\t\t\t\t\t<h3 class=\"elementor-icon-box-title\">\n\t\t\t\t\t\t<span  >\n\t\t\t\t\t\t\t6. create - design independently\t\t\t\t\t\t<\/span>\n\t\t\t\t\t<\/h3>\n\t\t\t\t\n\t\t\t\t\t\t\t\t\t<p class=\"elementor-icon-box-description\">\n\t\t\t\t\t\tCreative work: pupils develop their own solutions, projects or texts - with methodical support.\t\t\t\t\t<\/p>\n\t\t\t\t\n\t\t\t<\/div>\n\t\t\t\n\t\t<\/div>\n\t\t\t\t\t\t<\/div>\n\t\t\t\t<\/div>\n\t\t\t\t<\/div>\n\t\t\t\t\t<\/div>\n\t\t\t\t<\/div>\n\t\t<div class=\"elementor-element elementor-element-f2b4580 e-flex e-con-boxed e-con e-parent\" data-id=\"f2b4580\" data-element_type=\"container\" data-e-type=\"container\" data-settings=\"{&quot;background_background&quot;:&quot;classic&quot;}\">\n\t\t\t\t\t<div class=\"e-con-inner\">\n\t\t<div class=\"elementor-element elementor-element-1fac588 e-con-full e-flex elementor-invisible e-con e-child\" data-id=\"1fac588\" data-element_type=\"container\" data-e-type=\"container\" data-settings=\"{&quot;background_background&quot;:&quot;classic&quot;,&quot;animation&quot;:&quot;fadeIn&quot;}\">\n\t\t<div class=\"elementor-element elementor-element-daecb06 e-con-full e-flex e-con e-child\" data-id=\"daecb06\" data-element_type=\"container\" data-e-type=\"container\">\n\t\t\t\t<div class=\"elementor-element elementor-element-75b8fd6 elementor-widget__width-inherit elementor-invisible elementor-widget elementor-widget-text-editor\" data-id=\"75b8fd6\" data-element_type=\"widget\" data-e-type=\"widget\" data-settings=\"{&quot;_animation&quot;:&quot;fadeInUp&quot;}\" data-widget_type=\"text-editor.default\">\n\t\t\t\t<div class=\"elementor-widget-container\">\n\t\t\t\t\t\t\t\t\t<p><b>START NOW<\/b><\/p>\t\t\t\t\t\t\t\t<\/div>\n\t\t\t\t<\/div>\n\t\t\t\t<div class=\"elementor-element elementor-element-b1445a3 elementor-widget__width-inherit elementor-invisible elementor-widget elementor-widget-heading\" data-id=\"b1445a3\" data-element_type=\"widget\" data-e-type=\"widget\" data-settings=\"{&quot;_animation&quot;:&quot;fadeInUp&quot;,&quot;_animation_delay&quot;:200}\" data-widget_type=\"heading.default\">\n\t\t\t\t<div class=\"elementor-widget-container\">\n\t\t\t\t\t<h2 class=\"elementor-heading-title elementor-size-default\">Tutoring that thinks about your child's future.<\/h2>\t\t\t\t<\/div>\n\t\t\t\t<\/div>\n\t\t\t\t<div class=\"elementor-element elementor-element-d182fa2 elementor-widget__width-inherit elementor-invisible elementor-widget elementor-widget-text-editor\" data-id=\"d182fa2\" data-element_type=\"widget\" data-e-type=\"widget\" data-settings=\"{&quot;_animation&quot;:&quot;fadeInUp&quot;,&quot;_animation_delay&quot;:400}\" data-widget_type=\"text-editor.default\">\n\t\t\t\t<div class=\"elementor-widget-container\">\n\t\t\t\t\t\t\t\t\t<p class=\"p1\">Whether math, German or English - we provide targeted and individual support.<\/p><p class=\"p1\">Secure a free trial lesson and see for yourself<\/p>\t\t\t\t\t\t\t\t<\/div>\n\t\t\t\t<\/div>\n\t\t\t\t<div class=\"elementor-element elementor-element-0c3de0d elementor-mobile-align-center elementor-widget-mobile__width-inherit elementor-invisible elementor-widget elementor-widget-button\" data-id=\"0c3de0d\" data-element_type=\"widget\" data-e-type=\"widget\" data-settings=\"{&quot;_animation&quot;:&quot;fadeInUp&quot;,&quot;_animation_delay&quot;:600}\" data-widget_type=\"button.default\">\n\t\t\t\t<div class=\"elementor-widget-container\">\n\t\t\t\t\t\t\t\t\t<div class=\"elementor-button-wrapper\">\n\t\t\t\t\t<a class=\"elementor-button elementor-button-link elementor-size-sm\" href=\"https:\/\/lernstifter.de\/en\/kontakt\/\">\n\t\t\t\t\t\t<span class=\"elementor-button-content-wrapper\">\n\t\t\t\t\t\t\t\t\t<span class=\"elementor-button-text\">Get advice without obligation!<\/span>\n\t\t\t\t\t<\/span>\n\t\t\t\t\t<\/a>\n\t\t\t\t<\/div>\n\t\t\t\t\t\t\t\t<\/div>\n\t\t\t\t<\/div>\n\t\t\t\t<\/div>\n\t\t\t\t<\/div>\n\t\t\t\t\t<\/div>\n\t\t\t\t<\/div>\n\t\t\t\t<\/div>","protected":false},"excerpt":{"rendered":"<p>Unser Lernkonzept Profesionelles Nachhilfeinstitut in Hannover Wir arbeiten nach bew\u00e4hrten Methoden Bloom\u2019sche Taxonomie Bei Lernstifter Nachhilfe Hannover setzen wir auf ein strukturiertes, wissenschaftlich fundiertes Lernkonzept, das weit \u00fcber reines Auswendiglernen hinausgeht. Grundlage unserer Methodik ist die revidierte Bloom\u2019sche Taxonomie, ein bew\u00e4hrtes Modell zur Entwicklung kognitiver Kompetenzen. Unser Ziel ist es, Sch\u00fclerinnen und Sch\u00fcler schrittweise von [&hellip;]<\/p>","protected":false},"author":1,"featured_media":1877,"parent":0,"menu_order":0,"comment_status":"closed","ping_status":"closed","template":"elementor_header_footer","meta":{"footnotes":""},"class_list":["post-2005","page","type-page","status-publish","has-post-thumbnail","hentry"],"yoast_head":"<!-- This site is optimized with the Yoast SEO Premium plugin v20.9 (Yoast SEO v27.6) - https:\/\/yoast.com\/product\/yoast-seo-premium-wordpress\/ -->\n<title>Lernkonzept - lernstifter.de<\/title>\n<meta name=\"robots\" content=\"index, follow, max-snippet:-1, max-image-preview:large, max-video-preview:-1\" \/>\n<link rel=\"canonical\" href=\"https:\/\/lernstifter.de\/en\/lernkonzept\/\" \/>\n<meta property=\"og:locale\" content=\"en_US\" \/>\n<meta property=\"og:type\" content=\"article\" \/>\n<meta property=\"og:title\" content=\"Lernkonzept\" \/>\n<meta property=\"og:description\" content=\"Unser Lernkonzept Profesionelles Nachhilfeinstitut in Hannover Wir arbeiten nach bew\u00e4hrten Methoden Bloom\u2019sche Taxonomie Bei Lernstifter Nachhilfe Hannover setzen wir auf ein strukturiertes, wissenschaftlich fundiertes Lernkonzept, das weit \u00fcber reines Auswendiglernen hinausgeht. Grundlage unserer Methodik ist die revidierte Bloom\u2019sche Taxonomie, ein bew\u00e4hrtes Modell zur Entwicklung kognitiver Kompetenzen. Unser Ziel ist es, Sch\u00fclerinnen und Sch\u00fcler schrittweise von [&hellip;]\" \/>\n<meta property=\"og:url\" content=\"https:\/\/lernstifter.de\/en\/lernkonzept\/\" \/>\n<meta property=\"og:site_name\" content=\"lernstifter.de\" \/>\n<meta property=\"article:modified_time\" content=\"2025-07-02T09:59:52+00:00\" \/>\n<meta property=\"og:image\" content=\"https:\/\/lernstifter.de\/wp-content\/uploads\/2025\/07\/cropped-favicon-lernstifter.png\" \/>\n\t<meta property=\"og:image:width\" content=\"512\" \/>\n\t<meta property=\"og:image:height\" content=\"512\" \/>\n\t<meta property=\"og:image:type\" content=\"image\/png\" \/>\n<meta name=\"twitter:card\" content=\"summary_large_image\" \/>\n<script type=\"application\/ld+json\" class=\"yoast-schema-graph\">{\"@context\":\"https:\\\/\\\/schema.org\",\"@graph\":[{\"@type\":\"WebPage\",\"@id\":\"https:\\\/\\\/lernstifter.de\\\/lernkonzept\\\/\",\"url\":\"https:\\\/\\\/lernstifter.de\\\/lernkonzept\\\/\",\"name\":\"Lernkonzept - lernstifter.de\",\"isPartOf\":{\"@id\":\"https:\\\/\\\/lernstifter.de\\\/#website\"},\"primaryImageOfPage\":{\"@id\":\"https:\\\/\\\/lernstifter.de\\\/lernkonzept\\\/#primaryimage\"},\"image\":{\"@id\":\"https:\\\/\\\/lernstifter.de\\\/lernkonzept\\\/#primaryimage\"},\"thumbnailUrl\":\"https:\\\/\\\/lernstifter.de\\\/wp-content\\\/uploads\\\/2025\\\/07\\\/cropped-favicon-lernstifter.png\",\"datePublished\":\"2025-07-02T09:35:06+00:00\",\"dateModified\":\"2025-07-02T09:59:52+00:00\",\"breadcrumb\":{\"@id\":\"https:\\\/\\\/lernstifter.de\\\/lernkonzept\\\/#breadcrumb\"},\"inLanguage\":\"en-US\",\"potentialAction\":[{\"@type\":\"ReadAction\",\"target\":[\"https:\\\/\\\/lernstifter.de\\\/lernkonzept\\\/\"]}]},{\"@type\":\"ImageObject\",\"inLanguage\":\"en-US\",\"@id\":\"https:\\\/\\\/lernstifter.de\\\/lernkonzept\\\/#primaryimage\",\"url\":\"https:\\\/\\\/lernstifter.de\\\/wp-content\\\/uploads\\\/2025\\\/07\\\/cropped-favicon-lernstifter.png\",\"contentUrl\":\"https:\\\/\\\/lernstifter.de\\\/wp-content\\\/uploads\\\/2025\\\/07\\\/cropped-favicon-lernstifter.png\",\"width\":512,\"height\":512},{\"@type\":\"BreadcrumbList\",\"@id\":\"https:\\\/\\\/lernstifter.de\\\/lernkonzept\\\/#breadcrumb\",\"itemListElement\":[{\"@type\":\"ListItem\",\"position\":1,\"name\":\"Startseite\",\"item\":\"https:\\\/\\\/lernstifter.de\\\/\"},{\"@type\":\"ListItem\",\"position\":2,\"name\":\"Lernkonzept\"}]},{\"@type\":\"WebSite\",\"@id\":\"https:\\\/\\\/lernstifter.de\\\/#website\",\"url\":\"https:\\\/\\\/lernstifter.de\\\/\",\"name\":\"lernstifter.de\",\"description\":\"Nachhilfe in Hannover und Umgebung\",\"publisher\":{\"@id\":\"https:\\\/\\\/lernstifter.de\\\/#organization\"},\"potentialAction\":[{\"@type\":\"SearchAction\",\"target\":{\"@type\":\"EntryPoint\",\"urlTemplate\":\"https:\\\/\\\/lernstifter.de\\\/?s={search_term_string}\"},\"query-input\":{\"@type\":\"PropertyValueSpecification\",\"valueRequired\":true,\"valueName\":\"search_term_string\"}}],\"inLanguage\":\"en-US\"},{\"@type\":\"Organization\",\"@id\":\"https:\\\/\\\/lernstifter.de\\\/#organization\",\"name\":\"Lernstifter\",\"url\":\"https:\\\/\\\/lernstifter.de\\\/\",\"logo\":{\"@type\":\"ImageObject\",\"inLanguage\":\"en-US\",\"@id\":\"https:\\\/\\\/lernstifter.de\\\/#\\\/schema\\\/logo\\\/image\\\/\",\"url\":\"https:\\\/\\\/lernstifter.de\\\/wp-content\\\/uploads\\\/2025\\\/07\\\/cropped-favicon-lernstifter.png\",\"contentUrl\":\"https:\\\/\\\/lernstifter.de\\\/wp-content\\\/uploads\\\/2025\\\/07\\\/cropped-favicon-lernstifter.png\",\"width\":512,\"height\":512,\"caption\":\"Lernstifter\"},\"image\":{\"@id\":\"https:\\\/\\\/lernstifter.de\\\/#\\\/schema\\\/logo\\\/image\\\/\"}}]}<\/script>\n<!-- \/ Yoast SEO Premium plugin. -->","yoast_head_json":{"title":"Lernkonzept - lernstifter.de","robots":{"index":"index","follow":"follow","max-snippet":"max-snippet:-1","max-image-preview":"max-image-preview:large","max-video-preview":"max-video-preview:-1"},"canonical":"https:\/\/lernstifter.de\/en\/lernkonzept\/","og_locale":"en_US","og_type":"article","og_title":"Lernkonzept","og_description":"Unser Lernkonzept Profesionelles Nachhilfeinstitut in Hannover Wir arbeiten nach bew\u00e4hrten Methoden Bloom\u2019sche Taxonomie Bei Lernstifter Nachhilfe Hannover setzen wir auf ein strukturiertes, wissenschaftlich fundiertes Lernkonzept, das weit \u00fcber reines Auswendiglernen hinausgeht. Grundlage unserer Methodik ist die revidierte Bloom\u2019sche Taxonomie, ein bew\u00e4hrtes Modell zur Entwicklung kognitiver Kompetenzen. Unser Ziel ist es, Sch\u00fclerinnen und Sch\u00fcler schrittweise von [&hellip;]","og_url":"https:\/\/lernstifter.de\/en\/lernkonzept\/","og_site_name":"lernstifter.de","article_modified_time":"2025-07-02T09:59:52+00:00","og_image":[{"width":512,"height":512,"url":"https:\/\/lernstifter.de\/wp-content\/uploads\/2025\/07\/cropped-favicon-lernstifter.png","type":"image\/png"}],"twitter_card":"summary_large_image","schema":{"@context":"https:\/\/schema.org","@graph":[{"@type":"WebPage","@id":"https:\/\/lernstifter.de\/lernkonzept\/","url":"https:\/\/lernstifter.de\/lernkonzept\/","name":"Lernkonzept - lernstifter.de","isPartOf":{"@id":"https:\/\/lernstifter.de\/#website"},"primaryImageOfPage":{"@id":"https:\/\/lernstifter.de\/lernkonzept\/#primaryimage"},"image":{"@id":"https:\/\/lernstifter.de\/lernkonzept\/#primaryimage"},"thumbnailUrl":"https:\/\/lernstifter.de\/wp-content\/uploads\/2025\/07\/cropped-favicon-lernstifter.png","datePublished":"2025-07-02T09:35:06+00:00","dateModified":"2025-07-02T09:59:52+00:00","breadcrumb":{"@id":"https:\/\/lernstifter.de\/lernkonzept\/#breadcrumb"},"inLanguage":"en-US","potentialAction":[{"@type":"ReadAction","target":["https:\/\/lernstifter.de\/lernkonzept\/"]}]},{"@type":"ImageObject","inLanguage":"en-US","@id":"https:\/\/lernstifter.de\/lernkonzept\/#primaryimage","url":"https:\/\/lernstifter.de\/wp-content\/uploads\/2025\/07\/cropped-favicon-lernstifter.png","contentUrl":"https:\/\/lernstifter.de\/wp-content\/uploads\/2025\/07\/cropped-favicon-lernstifter.png","width":512,"height":512},{"@type":"BreadcrumbList","@id":"https:\/\/lernstifter.de\/lernkonzept\/#breadcrumb","itemListElement":[{"@type":"ListItem","position":1,"name":"Startseite","item":"https:\/\/lernstifter.de\/"},{"@type":"ListItem","position":2,"name":"Lernkonzept"}]},{"@type":"WebSite","@id":"https:\/\/lernstifter.de\/#website","url":"https:\/\/lernstifter.de\/","name":"lernstifter.de","description":"Nachhilfe in Hannover und Umgebung","publisher":{"@id":"https:\/\/lernstifter.de\/#organization"},"potentialAction":[{"@type":"SearchAction","target":{"@type":"EntryPoint","urlTemplate":"https:\/\/lernstifter.de\/?s={search_term_string}"},"query-input":{"@type":"PropertyValueSpecification","valueRequired":true,"valueName":"search_term_string"}}],"inLanguage":"en-US"},{"@type":"Organization","@id":"https:\/\/lernstifter.de\/#organization","name":"Lernstifter","url":"https:\/\/lernstifter.de\/","logo":{"@type":"ImageObject","inLanguage":"en-US","@id":"https:\/\/lernstifter.de\/#\/schema\/logo\/image\/","url":"https:\/\/lernstifter.de\/wp-content\/uploads\/2025\/07\/cropped-favicon-lernstifter.png","contentUrl":"https:\/\/lernstifter.de\/wp-content\/uploads\/2025\/07\/cropped-favicon-lernstifter.png","width":512,"height":512,"caption":"Lernstifter"},"image":{"@id":"https:\/\/lernstifter.de\/#\/schema\/logo\/image\/"}}]}},"_links":{"self":[{"href":"https:\/\/lernstifter.de\/en\/wp-json\/wp\/v2\/pages\/2005","targetHints":{"allow":["GET"]}}],"collection":[{"href":"https:\/\/lernstifter.de\/en\/wp-json\/wp\/v2\/pages"}],"about":[{"href":"https:\/\/lernstifter.de\/en\/wp-json\/wp\/v2\/types\/page"}],"author":[{"embeddable":true,"href":"https:\/\/lernstifter.de\/en\/wp-json\/wp\/v2\/users\/1"}],"replies":[{"embeddable":true,"href":"https:\/\/lernstifter.de\/en\/wp-json\/wp\/v2\/comments?post=2005"}],"version-history":[{"count":10,"href":"https:\/\/lernstifter.de\/en\/wp-json\/wp\/v2\/pages\/2005\/revisions"}],"predecessor-version":[{"id":2022,"href":"https:\/\/lernstifter.de\/en\/wp-json\/wp\/v2\/pages\/2005\/revisions\/2022"}],"wp:featuredmedia":[{"embeddable":true,"href":"https:\/\/lernstifter.de\/en\/wp-json\/wp\/v2\/media\/1877"}],"wp:attachment":[{"href":"https:\/\/lernstifter.de\/en\/wp-json\/wp\/v2\/media?parent=2005"}],"curies":[{"name":"wp","href":"https:\/\/api.w.org\/{rel}","templated":true}]}}